{"id":174,"date":"2022-05-26T13:14:48","date_gmt":"2022-05-26T11:14:48","guid":{"rendered":"http:\/\/www.maisonjeromelefevre.com\/product\/champagne-delalot-pleiades-2013\/"},"modified":"2023-03-10T19:42:44","modified_gmt":"2023-03-10T18:42:44","slug":"champagne-delalot-pleiades-2013","status":"publish","type":"product","link":"https:\/\/www.maisonjeromelefevre.com\/en\/product\/champagne-delalot-pleiades-2013\/","title":{"rendered":"Champagne Delalot <br>Pl\u00e9iades 2013"},"content":{"rendered":"<p><i>Coming soon!<\/i><br \/>\n\u00a0<br \/>\n\u00a0<br \/>\nBouteilles sorties exceptionnellement de la r\u00e9serve que la Maison constitue pour garder en m\u00e9moire les cuv\u00e9es r\u00e9alis\u00e9es.<\/p>\n<p class=\"infos\">Bouteilles num\u00e9rot\u00e9es<br \/>\n3 \u00d7 0,75 l<\/p>\n<hr \/>\n<p class=\"infos\">\nBLANC DE NOIRS<br \/>\n50% MEUNIERS \/ 50 % PINOTS NOIRS PARCELLE \u00ab\u00a0LES CHAPELLES\u00a0\u00bb<br \/>\nSAULCHERY<br \/>\nDOSAGE 4g EXTRA BRUT<\/p>\n<p class=\"ask-for-price\">\n&nbsp;<br \/>\n&nbsp;<br \/>\nPrice on request<\/p>\n","protected":false},"excerpt":{"rendered":"<p>Coming soon! \u00a0 \u00a0 Bouteilles sorties exceptionnellement de la r\u00e9serve que la Maison constitue pour garder en m\u00e9moire les cuv\u00e9es r\u00e9alis\u00e9es. Bouteilles num\u00e9rot\u00e9es 3 \u00d7 0,75 l BLANC DE NOIRS 50% MEUNIERS \/ 50 % PINOTS NOIRS PARCELLE \u00ab\u00a0LES CHAPELLES\u00a0\u00bb SAULCHERY DOSAGE 4g EXTRA BRUT &nbsp; &nbsp; Price on request<\/p>\n","protected":false},"featured_media":0,"template":"","meta":{"spay_email":""},"product_cat":[34],"product_tag":[],"class_list":["post-174","product","type-product","status-publish","hentry","product_cat-vinotheque-boxes","product_shipping_class-coffret-en"],"yoast_head":"<!-- This site is optimized with the Yoast SEO plugin v26.2 - https:\/\/yoast.com\/wordpress\/plugins\/seo\/ -->\n<title>Champagne Delalot Pl\u00e9iades 2013 &#8211; Maison J\u00e9rome Lef\u00e8vre<\/title>\n<meta name=\"robots\" content=\"index, follow, max-snippet:-1, max-image-preview:large, max-video-preview:-1\" \/>\n<link rel=\"canonical\" href=\"https:\/\/www.maisonjeromelefevre.com\/en\/product\/champagne-delalot-pleiades-2013\/\" \/>\n<meta property=\"og:locale\" content=\"en_US\" \/>\n<meta property=\"og:type\" content=\"article\" \/>\n<meta property=\"og:title\" content=\"Champagne Delalot Pl\u00e9iades 2013 &#8211; Maison J\u00e9rome Lef\u00e8vre\" \/>\n<meta property=\"og:description\" content=\"Coming soon! \u00a0 \u00a0 Bouteilles sorties exceptionnellement de la r\u00e9serve que la Maison constitue pour garder en m\u00e9moire les cuv\u00e9es r\u00e9alis\u00e9es. Bouteilles num\u00e9rot\u00e9es 3 \u00d7 0,75 l BLANC DE NOIRS 50% MEUNIERS \/ 50 % PINOTS NOIRS PARCELLE \u00ab\u00a0LES CHAPELLES\u00a0\u00bb SAULCHERY DOSAGE 4g EXTRA BRUT &nbsp; &nbsp; Price on request\" \/>\n<meta property=\"og:url\" content=\"https:\/\/www.maisonjeromelefevre.com\/en\/product\/champagne-delalot-pleiades-2013\/\" \/>\n<meta property=\"og:site_name\" content=\"Maison J\u00e9rome Lef\u00e8vre\" \/>\n<meta property=\"article:publisher\" content=\"https:\/\/www.facebook.com\/jerome.lefevre.grind\" \/>\n<meta property=\"article:modified_time\" content=\"2023-03-10T18:42:44+00:00\" \/>\n<meta property=\"og:image\" content=\"https:\/\/i0.wp.com\/www.maisonjeromelefevre.com\/wp-content\/uploads\/2021\/03\/cropped-cropped-MJL_logotype.jpg?fit=512%2C325&ssl=1\" \/>\n\t<meta property=\"og:image:width\" content=\"512\" \/>\n\t<meta property=\"og:image:height\" content=\"325\" \/>\n\t<meta property=\"og:image:type\" content=\"image\/jpeg\" \/>\n<meta name=\"twitter:card\" content=\"summary_large_image\" \/>\n<script type=\"application\/ld+json\" class=\"yoast-schema-graph\">{\"@context\":\"https:\/\/schema.org\",\"@graph\":[{\"@type\":\"WebPage\",\"@id\":\"https:\/\/www.maisonjeromelefevre.com\/en\/product\/champagne-delalot-pleiades-2013\/\",\"url\":\"https:\/\/www.maisonjeromelefevre.com\/en\/product\/champagne-delalot-pleiades-2013\/\",\"name\":\"Champagne Delalot Pl\u00e9iades 2013 &#8211; Maison J\u00e9rome Lef\u00e8vre\",\"isPartOf\":{\"@id\":\"https:\/\/www.maisonjeromelefevre.com\/en\/#website\"},\"datePublished\":\"2022-05-26T11:14:48+00:00\",\"dateModified\":\"2023-03-10T18:42:44+00:00\",\"breadcrumb\":{\"@id\":\"https:\/\/www.maisonjeromelefevre.com\/en\/product\/champagne-delalot-pleiades-2013\/#breadcrumb\"},\"inLanguage\":\"en-US\",\"potentialAction\":[{\"@type\":\"ReadAction\",\"target\":[\"https:\/\/www.maisonjeromelefevre.com\/en\/product\/champagne-delalot-pleiades-2013\/\"]}]},{\"@type\":\"BreadcrumbList\",\"@id\":\"https:\/\/www.maisonjeromelefevre.com\/en\/product\/champagne-delalot-pleiades-2013\/#breadcrumb\",\"itemListElement\":[{\"@type\":\"ListItem\",\"position\":1,\"name\":\"Accueil\",\"item\":\"https:\/\/www.maisonjeromelefevre.com\/en\/page-d-exemple\/\"},{\"@type\":\"ListItem\",\"position\":2,\"name\":\"Maison J\u00e9r\u00f4me Lef\u00e8vre\",\"item\":\"https:\/\/www.maisonjeromelefevre.com\/en\/page-d-exemple\/\"},{\"@type\":\"ListItem\",\"position\":3,\"name\":\"Champagne Delalot Pl\u00e9iades 2013\"}]},{\"@type\":\"WebSite\",\"@id\":\"https:\/\/www.maisonjeromelefevre.com\/en\/#website\",\"url\":\"https:\/\/www.maisonjeromelefevre.com\/en\/\",\"name\":\"Maison J\u00e9rome Lef\u00e8vre\",\"description\":\"Uncorked pleasures for hedonist people\",\"publisher\":{\"@id\":\"https:\/\/www.maisonjeromelefevre.com\/en\/#organization\"},\"potentialAction\":[{\"@type\":\"SearchAction\",\"target\":{\"@type\":\"EntryPoint\",\"urlTemplate\":\"https:\/\/www.maisonjeromelefevre.com\/en\/?s={search_term_string}\"},\"query-input\":{\"@type\":\"PropertyValueSpecification\",\"valueRequired\":true,\"valueName\":\"search_term_string\"}}],\"inLanguage\":\"en-US\"},{\"@type\":\"Organization\",\"@id\":\"https:\/\/www.maisonjeromelefevre.com\/en\/#organization\",\"name\":\"Maison J\u00e9rome Lef\u00e8vre\",\"url\":\"https:\/\/www.maisonjeromelefevre.com\/en\/\",\"logo\":{\"@type\":\"ImageObject\",\"inLanguage\":\"en-US\",\"@id\":\"https:\/\/www.maisonjeromelefevre.com\/en\/#\/schema\/logo\/image\/\",\"url\":\"https:\/\/i0.wp.com\/www.maisonjeromelefevre.com\/wp-content\/uploads\/2021\/03\/cropped-cropped-MJL_logotype.jpg?fit=512%2C325&ssl=1\",\"contentUrl\":\"https:\/\/i0.wp.com\/www.maisonjeromelefevre.com\/wp-content\/uploads\/2021\/03\/cropped-cropped-MJL_logotype.jpg?fit=512%2C325&ssl=1\",\"width\":512,\"height\":325,\"caption\":\"Maison J\u00e9rome Lef\u00e8vre\"},\"image\":{\"@id\":\"https:\/\/www.maisonjeromelefevre.com\/en\/#\/schema\/logo\/image\/\"},\"sameAs\":[\"https:\/\/www.facebook.com\/jerome.lefevre.grind\",\"https:\/\/www.instagram.com\/maisonjeromelefevre\/\"]}]}<\/script>\n<!-- \/ Yoast SEO plugin. -->","yoast_head_json":{"title":"Champagne Delalot Pl\u00e9iades 2013 &#8211; Maison J\u00e9rome Lef\u00e8vre","robots":{"index":"index","follow":"follow","max-snippet":"max-snippet:-1","max-image-preview":"max-image-preview:large","max-video-preview":"max-video-preview:-1"},"canonical":"https:\/\/www.maisonjeromelefevre.com\/en\/product\/champagne-delalot-pleiades-2013\/","og_locale":"en_US","og_type":"article","og_title":"Champagne Delalot Pl\u00e9iades 2013 &#8211; Maison J\u00e9rome Lef\u00e8vre","og_description":"Coming soon! \u00a0 \u00a0 Bouteilles sorties exceptionnellement de la r\u00e9serve que la Maison constitue pour garder en m\u00e9moire les cuv\u00e9es r\u00e9alis\u00e9es. Bouteilles num\u00e9rot\u00e9es 3 \u00d7 0,75 l BLANC DE NOIRS 50% MEUNIERS \/ 50 % PINOTS NOIRS PARCELLE \u00ab\u00a0LES CHAPELLES\u00a0\u00bb SAULCHERY DOSAGE 4g EXTRA BRUT &nbsp; &nbsp; Price on request","og_url":"https:\/\/www.maisonjeromelefevre.com\/en\/product\/champagne-delalot-pleiades-2013\/","og_site_name":"Maison J\u00e9rome Lef\u00e8vre","article_publisher":"https:\/\/www.facebook.com\/jerome.lefevre.grind","article_modified_time":"2023-03-10T18:42:44+00:00","og_image":[{"width":512,"height":325,"url":"https:\/\/i0.wp.com\/www.maisonjeromelefevre.com\/wp-content\/uploads\/2021\/03\/cropped-cropped-MJL_logotype.jpg?fit=512%2C325&ssl=1","type":"image\/jpeg"}],"twitter_card":"summary_large_image","schema":{"@context":"https:\/\/schema.org","@graph":[{"@type":"WebPage","@id":"https:\/\/www.maisonjeromelefevre.com\/en\/product\/champagne-delalot-pleiades-2013\/","url":"https:\/\/www.maisonjeromelefevre.com\/en\/product\/champagne-delalot-pleiades-2013\/","name":"Champagne Delalot Pl\u00e9iades 2013 &#8211; Maison J\u00e9rome Lef\u00e8vre","isPartOf":{"@id":"https:\/\/www.maisonjeromelefevre.com\/en\/#website"},"datePublished":"2022-05-26T11:14:48+00:00","dateModified":"2023-03-10T18:42:44+00:00","breadcrumb":{"@id":"https:\/\/www.maisonjeromelefevre.com\/en\/product\/champagne-delalot-pleiades-2013\/#breadcrumb"},"inLanguage":"en-US","potentialAction":[{"@type":"ReadAction","target":["https:\/\/www.maisonjeromelefevre.com\/en\/product\/champagne-delalot-pleiades-2013\/"]}]},{"@type":"BreadcrumbList","@id":"https:\/\/www.maisonjeromelefevre.com\/en\/product\/champagne-delalot-pleiades-2013\/#breadcrumb","itemListElement":[{"@type":"ListItem","position":1,"name":"Accueil","item":"https:\/\/www.maisonjeromelefevre.com\/en\/page-d-exemple\/"},{"@type":"ListItem","position":2,"name":"Maison J\u00e9r\u00f4me Lef\u00e8vre","item":"https:\/\/www.maisonjeromelefevre.com\/en\/page-d-exemple\/"},{"@type":"ListItem","position":3,"name":"Champagne Delalot Pl\u00e9iades 2013"}]},{"@type":"WebSite","@id":"https:\/\/www.maisonjeromelefevre.com\/en\/#website","url":"https:\/\/www.maisonjeromelefevre.com\/en\/","name":"Maison J\u00e9rome Lef\u00e8vre","description":"Uncorked pleasures for hedonist people","publisher":{"@id":"https:\/\/www.maisonjeromelefevre.com\/en\/#organization"},"potentialAction":[{"@type":"SearchAction","target":{"@type":"EntryPoint","urlTemplate":"https:\/\/www.maisonjeromelefevre.com\/en\/?s={search_term_string}"},"query-input":{"@type":"PropertyValueSpecification","valueRequired":true,"valueName":"search_term_string"}}],"inLanguage":"en-US"},{"@type":"Organization","@id":"https:\/\/www.maisonjeromelefevre.com\/en\/#organization","name":"Maison J\u00e9rome Lef\u00e8vre","url":"https:\/\/www.maisonjeromelefevre.com\/en\/","logo":{"@type":"ImageObject","inLanguage":"en-US","@id":"https:\/\/www.maisonjeromelefevre.com\/en\/#\/schema\/logo\/image\/","url":"https:\/\/i0.wp.com\/www.maisonjeromelefevre.com\/wp-content\/uploads\/2021\/03\/cropped-cropped-MJL_logotype.jpg?fit=512%2C325&ssl=1","contentUrl":"https:\/\/i0.wp.com\/www.maisonjeromelefevre.com\/wp-content\/uploads\/2021\/03\/cropped-cropped-MJL_logotype.jpg?fit=512%2C325&ssl=1","width":512,"height":325,"caption":"Maison J\u00e9rome Lef\u00e8vre"},"image":{"@id":"https:\/\/www.maisonjeromelefevre.com\/en\/#\/schema\/logo\/image\/"},"sameAs":["https:\/\/www.facebook.com\/jerome.lefevre.grind","https:\/\/www.instagram.com\/maisonjeromelefevre\/"]}]}},"_links":{"self":[{"href":"https:\/\/www.maisonjeromelefevre.com\/en\/wp-json\/wp\/v2\/product\/174","targetHints":{"allow":["GET"]}}],"collection":[{"href":"https:\/\/www.maisonjeromelefevre.com\/en\/wp-json\/wp\/v2\/product"}],"about":[{"href":"https:\/\/www.maisonjeromelefevre.com\/en\/wp-json\/wp\/v2\/types\/product"}],"wp:attachment":[{"href":"https:\/\/www.maisonjeromelefevre.com\/en\/wp-json\/wp\/v2\/media?parent=174"}],"wp:term":[{"taxonomy":"product_cat","embeddable":true,"href":"https:\/\/www.maisonjeromelefevre.com\/en\/wp-json\/wp\/v2\/product_cat?post=174"},{"taxonomy":"product_tag","embeddable":true,"href":"https:\/\/www.maisonjeromelefevre.com\/en\/wp-json\/wp\/v2\/product_tag?post=174"}],"curies":[{"name":"wp","href":"https:\/\/api.w.org\/{rel}","templated":true}]}}