{"id":173,"date":"2022-05-26T19:45:57","date_gmt":"2022-05-26T17:45:57","guid":{"rendered":"http:\/\/www.maisonjeromelefevre.com\/product\/champagne-jerome-lefevre-rated-x\/"},"modified":"2023-03-10T19:44:24","modified_gmt":"2023-03-10T18:44:24","slug":"champagne-jerome-lefevre-rated-x","status":"publish","type":"product","link":"https:\/\/www.maisonjeromelefevre.com\/en\/product\/champagne-jerome-lefevre-rated-x\/","title":{"rendered":"Champagne J\u00e9r\u00f4me Lef\u00e8vre <br>Rated X"},"content":{"rendered":"<p><i>Coming soon!<\/i><\/p>\n<p>Bouteilles sorties exceptionnellement de la r\u00e9serve que la Maison constitue pour garder en m\u00e9moire les cuv\u00e9es r\u00e9alis\u00e9es.<\/p>\n<p>Rated X <a href=\"?add-to-cart=173\" data-quantity=\"1\" class=\"button product_type_simple add_to_cart_button ajax_add_to_cart\" data-product_id=\"173\" data-product_sku=\"\" aria-label=\"Add \u201cChampagne J\u00e9r\u00f4me Lef\u00e8vre <br>Rated X\u201d to your cart\" rel=\"nofollow\">Buy<\/a> est le titre d\u2019un morceau pr\u00e9curseur et charni\u00e8re de Miles Davis.<\/p>\n<p>Mais aussi X pour l\u2019inconnu, le myst\u00e8re, l\u2019association. Un parall\u00e8le \u00e9vident avec une maison singuli\u00e8re : des collaborations, des crois\u00e9es sur des engagements partag\u00e9s, des fruits d\u2019amiti\u00e9s.<\/p>\n<p class=\"infos\">Bouteilles num\u00e9rot\u00e9s de 0001 \u00e0 0003<br \/>\n3 \u00d7 0,75 l<\/p>\n<hr \/>\n<p class=\"infos\">100 % MEUNIERS PARCELLE \u00ab\u00a0LES BOULARDS\u00a0\u00bb, CHARLY SUR MARNE<br \/>\nDEMI SEC SANS DOSAGE<\/p>\n<p class=\"ask-for-price\">\n&nbsp;<br \/>\n&nbsp;<br \/>\nPrix sur demande<\/p>\n","protected":false},"excerpt":{"rendered":"<p>Coming soon! Bouteilles sorties exceptionnellement de la r\u00e9serve que la Maison constitue pour garder en m\u00e9moire les cuv\u00e9es r\u00e9alis\u00e9es. Rated X est le titre d\u2019un morceau pr\u00e9curseur et charni\u00e8re de Miles Davis. Mais aussi X pour l\u2019inconnu, le myst\u00e8re, l\u2019association. Un parall\u00e8le \u00e9vident avec une maison singuli\u00e8re : des collaborations, des crois\u00e9es sur des engagements [&hellip;]<\/p>\n","protected":false},"featured_media":132,"template":"","meta":{"spay_email":""},"product_cat":[34],"product_tag":[],"class_list":["post-173","product","type-product","status-publish","has-post-thumbnail","hentry","product_cat-vinotheque-boxes","product_shipping_class-coffret-en"],"yoast_head":"<!-- This site is optimized with the Yoast SEO plugin v26.2 - https:\/\/yoast.com\/wordpress\/plugins\/seo\/ -->\n<title>Champagne J\u00e9r\u00f4me Lef\u00e8vre Rated X &#8211; Maison J\u00e9rome Lef\u00e8vre<\/title>\n<meta name=\"robots\" content=\"index, follow, max-snippet:-1, max-image-preview:large, max-video-preview:-1\" \/>\n<link rel=\"canonical\" href=\"https:\/\/www.maisonjeromelefevre.com\/en\/product\/champagne-jerome-lefevre-rated-x\/\" \/>\n<meta property=\"og:locale\" content=\"en_US\" \/>\n<meta property=\"og:type\" content=\"article\" \/>\n<meta property=\"og:title\" content=\"Champagne J\u00e9r\u00f4me Lef\u00e8vre Rated X &#8211; Maison J\u00e9rome Lef\u00e8vre\" \/>\n<meta property=\"og:description\" content=\"Coming soon! Bouteilles sorties exceptionnellement de la r\u00e9serve que la Maison constitue pour garder en m\u00e9moire les cuv\u00e9es r\u00e9alis\u00e9es. Rated X est le titre d\u2019un morceau pr\u00e9curseur et charni\u00e8re de Miles Davis. Mais aussi X pour l\u2019inconnu, le myst\u00e8re, l\u2019association. Un parall\u00e8le \u00e9vident avec une maison singuli\u00e8re : des collaborations, des crois\u00e9es sur des engagements [&hellip;]\" \/>\n<meta property=\"og:url\" content=\"https:\/\/www.maisonjeromelefevre.com\/en\/product\/champagne-jerome-lefevre-rated-x\/\" \/>\n<meta property=\"og:site_name\" content=\"Maison J\u00e9rome Lef\u00e8vre\" \/>\n<meta property=\"article:publisher\" content=\"https:\/\/www.facebook.com\/jerome.lefevre.grind\" \/>\n<meta property=\"article:modified_time\" content=\"2023-03-10T18:44:24+00:00\" \/>\n<meta property=\"og:image\" content=\"https:\/\/www.maisonjeromelefevre.com\/wp-content\/uploads\/2022\/04\/MJL_RatedX_etiquettes_2021_BAT-1.jpg\" \/>\n\t<meta property=\"og:image:width\" content=\"1600\" \/>\n\t<meta property=\"og:image:height\" content=\"1400\" \/>\n\t<meta property=\"og:image:type\" content=\"image\/jpeg\" \/>\n<meta name=\"twitter:card\" content=\"summary_large_image\" \/>\n<meta name=\"twitter:label1\" content=\"Est. reading time\" \/>\n\t<meta name=\"twitter:data1\" content=\"1 minute\" \/>\n<script type=\"application\/ld+json\" class=\"yoast-schema-graph\">{\"@context\":\"https:\/\/schema.org\",\"@graph\":[{\"@type\":\"WebPage\",\"@id\":\"https:\/\/www.maisonjeromelefevre.com\/en\/product\/champagne-jerome-lefevre-rated-x\/\",\"url\":\"https:\/\/www.maisonjeromelefevre.com\/en\/product\/champagne-jerome-lefevre-rated-x\/\",\"name\":\"Champagne J\u00e9r\u00f4me Lef\u00e8vre Rated X &#8211; Maison J\u00e9rome Lef\u00e8vre\",\"isPartOf\":{\"@id\":\"https:\/\/www.maisonjeromelefevre.com\/en\/#website\"},\"primaryImageOfPage\":{\"@id\":\"https:\/\/www.maisonjeromelefevre.com\/en\/product\/champagne-jerome-lefevre-rated-x\/#primaryimage\"},\"image\":{\"@id\":\"https:\/\/www.maisonjeromelefevre.com\/en\/product\/champagne-jerome-lefevre-rated-x\/#primaryimage\"},\"thumbnailUrl\":\"https:\/\/i0.wp.com\/www.maisonjeromelefevre.com\/wp-content\/uploads\/2022\/04\/MJL_RatedX_etiquettes_2021_BAT-1.jpg?fit=1600%2C1400&ssl=1\",\"datePublished\":\"2022-05-26T17:45:57+00:00\",\"dateModified\":\"2023-03-10T18:44:24+00:00\",\"breadcrumb\":{\"@id\":\"https:\/\/www.maisonjeromelefevre.com\/en\/product\/champagne-jerome-lefevre-rated-x\/#breadcrumb\"},\"inLanguage\":\"en-US\",\"potentialAction\":[{\"@type\":\"ReadAction\",\"target\":[\"https:\/\/www.maisonjeromelefevre.com\/en\/product\/champagne-jerome-lefevre-rated-x\/\"]}]},{\"@type\":\"ImageObject\",\"inLanguage\":\"en-US\",\"@id\":\"https:\/\/www.maisonjeromelefevre.com\/en\/product\/champagne-jerome-lefevre-rated-x\/#primaryimage\",\"url\":\"https:\/\/i0.wp.com\/www.maisonjeromelefevre.com\/wp-content\/uploads\/2022\/04\/MJL_RatedX_etiquettes_2021_BAT-1.jpg?fit=1600%2C1400&ssl=1\",\"contentUrl\":\"https:\/\/i0.wp.com\/www.maisonjeromelefevre.com\/wp-content\/uploads\/2022\/04\/MJL_RatedX_etiquettes_2021_BAT-1.jpg?fit=1600%2C1400&ssl=1\",\"width\":1600,\"height\":1400},{\"@type\":\"BreadcrumbList\",\"@id\":\"https:\/\/www.maisonjeromelefevre.com\/en\/product\/champagne-jerome-lefevre-rated-x\/#breadcrumb\",\"itemListElement\":[{\"@type\":\"ListItem\",\"position\":1,\"name\":\"Accueil\",\"item\":\"https:\/\/www.maisonjeromelefevre.com\/en\/page-d-exemple\/\"},{\"@type\":\"ListItem\",\"position\":2,\"name\":\"Maison J\u00e9r\u00f4me Lef\u00e8vre\",\"item\":\"https:\/\/www.maisonjeromelefevre.com\/en\/page-d-exemple\/\"},{\"@type\":\"ListItem\",\"position\":3,\"name\":\"Champagne J\u00e9r\u00f4me Lef\u00e8vre Rated X\"}]},{\"@type\":\"WebSite\",\"@id\":\"https:\/\/www.maisonjeromelefevre.com\/en\/#website\",\"url\":\"https:\/\/www.maisonjeromelefevre.com\/en\/\",\"name\":\"Maison J\u00e9rome Lef\u00e8vre\",\"description\":\"Uncorked pleasures for hedonist people\",\"publisher\":{\"@id\":\"https:\/\/www.maisonjeromelefevre.com\/en\/#organization\"},\"potentialAction\":[{\"@type\":\"SearchAction\",\"target\":{\"@type\":\"EntryPoint\",\"urlTemplate\":\"https:\/\/www.maisonjeromelefevre.com\/en\/?s={search_term_string}\"},\"query-input\":{\"@type\":\"PropertyValueSpecification\",\"valueRequired\":true,\"valueName\":\"search_term_string\"}}],\"inLanguage\":\"en-US\"},{\"@type\":\"Organization\",\"@id\":\"https:\/\/www.maisonjeromelefevre.com\/en\/#organization\",\"name\":\"Maison J\u00e9rome Lef\u00e8vre\",\"url\":\"https:\/\/www.maisonjeromelefevre.com\/en\/\",\"logo\":{\"@type\":\"ImageObject\",\"inLanguage\":\"en-US\",\"@id\":\"https:\/\/www.maisonjeromelefevre.com\/en\/#\/schema\/logo\/image\/\",\"url\":\"https:\/\/i0.wp.com\/www.maisonjeromelefevre.com\/wp-content\/uploads\/2021\/03\/cropped-cropped-MJL_logotype.jpg?fit=512%2C325&ssl=1\",\"contentUrl\":\"https:\/\/i0.wp.com\/www.maisonjeromelefevre.com\/wp-content\/uploads\/2021\/03\/cropped-cropped-MJL_logotype.jpg?fit=512%2C325&ssl=1\",\"width\":512,\"height\":325,\"caption\":\"Maison J\u00e9rome Lef\u00e8vre\"},\"image\":{\"@id\":\"https:\/\/www.maisonjeromelefevre.com\/en\/#\/schema\/logo\/image\/\"},\"sameAs\":[\"https:\/\/www.facebook.com\/jerome.lefevre.grind\",\"https:\/\/www.instagram.com\/maisonjeromelefevre\/\"]}]}<\/script>\n<!-- \/ Yoast SEO plugin. -->","yoast_head_json":{"title":"Champagne J\u00e9r\u00f4me Lef\u00e8vre Rated X &#8211; Maison J\u00e9rome Lef\u00e8vre","robots":{"index":"index","follow":"follow","max-snippet":"max-snippet:-1","max-image-preview":"max-image-preview:large","max-video-preview":"max-video-preview:-1"},"canonical":"https:\/\/www.maisonjeromelefevre.com\/en\/product\/champagne-jerome-lefevre-rated-x\/","og_locale":"en_US","og_type":"article","og_title":"Champagne J\u00e9r\u00f4me Lef\u00e8vre Rated X &#8211; Maison J\u00e9rome Lef\u00e8vre","og_description":"Coming soon! Bouteilles sorties exceptionnellement de la r\u00e9serve que la Maison constitue pour garder en m\u00e9moire les cuv\u00e9es r\u00e9alis\u00e9es. Rated X est le titre d\u2019un morceau pr\u00e9curseur et charni\u00e8re de Miles Davis. Mais aussi X pour l\u2019inconnu, le myst\u00e8re, l\u2019association. Un parall\u00e8le \u00e9vident avec une maison singuli\u00e8re : des collaborations, des crois\u00e9es sur des engagements [&hellip;]","og_url":"https:\/\/www.maisonjeromelefevre.com\/en\/product\/champagne-jerome-lefevre-rated-x\/","og_site_name":"Maison J\u00e9rome Lef\u00e8vre","article_publisher":"https:\/\/www.facebook.com\/jerome.lefevre.grind","article_modified_time":"2023-03-10T18:44:24+00:00","og_image":[{"width":1600,"height":1400,"url":"https:\/\/www.maisonjeromelefevre.com\/wp-content\/uploads\/2022\/04\/MJL_RatedX_etiquettes_2021_BAT-1.jpg","type":"image\/jpeg"}],"twitter_card":"summary_large_image","twitter_misc":{"Est. reading time":"1 minute"},"schema":{"@context":"https:\/\/schema.org","@graph":[{"@type":"WebPage","@id":"https:\/\/www.maisonjeromelefevre.com\/en\/product\/champagne-jerome-lefevre-rated-x\/","url":"https:\/\/www.maisonjeromelefevre.com\/en\/product\/champagne-jerome-lefevre-rated-x\/","name":"Champagne J\u00e9r\u00f4me Lef\u00e8vre Rated X &#8211; Maison J\u00e9rome Lef\u00e8vre","isPartOf":{"@id":"https:\/\/www.maisonjeromelefevre.com\/en\/#website"},"primaryImageOfPage":{"@id":"https:\/\/www.maisonjeromelefevre.com\/en\/product\/champagne-jerome-lefevre-rated-x\/#primaryimage"},"image":{"@id":"https:\/\/www.maisonjeromelefevre.com\/en\/product\/champagne-jerome-lefevre-rated-x\/#primaryimage"},"thumbnailUrl":"https:\/\/i0.wp.com\/www.maisonjeromelefevre.com\/wp-content\/uploads\/2022\/04\/MJL_RatedX_etiquettes_2021_BAT-1.jpg?fit=1600%2C1400&ssl=1","datePublished":"2022-05-26T17:45:57+00:00","dateModified":"2023-03-10T18:44:24+00:00","breadcrumb":{"@id":"https:\/\/www.maisonjeromelefevre.com\/en\/product\/champagne-jerome-lefevre-rated-x\/#breadcrumb"},"inLanguage":"en-US","potentialAction":[{"@type":"ReadAction","target":["https:\/\/www.maisonjeromelefevre.com\/en\/product\/champagne-jerome-lefevre-rated-x\/"]}]},{"@type":"ImageObject","inLanguage":"en-US","@id":"https:\/\/www.maisonjeromelefevre.com\/en\/product\/champagne-jerome-lefevre-rated-x\/#primaryimage","url":"https:\/\/i0.wp.com\/www.maisonjeromelefevre.com\/wp-content\/uploads\/2022\/04\/MJL_RatedX_etiquettes_2021_BAT-1.jpg?fit=1600%2C1400&ssl=1","contentUrl":"https:\/\/i0.wp.com\/www.maisonjeromelefevre.com\/wp-content\/uploads\/2022\/04\/MJL_RatedX_etiquettes_2021_BAT-1.jpg?fit=1600%2C1400&ssl=1","width":1600,"height":1400},{"@type":"BreadcrumbList","@id":"https:\/\/www.maisonjeromelefevre.com\/en\/product\/champagne-jerome-lefevre-rated-x\/#breadcrumb","itemListElement":[{"@type":"ListItem","position":1,"name":"Accueil","item":"https:\/\/www.maisonjeromelefevre.com\/en\/page-d-exemple\/"},{"@type":"ListItem","position":2,"name":"Maison J\u00e9r\u00f4me Lef\u00e8vre","item":"https:\/\/www.maisonjeromelefevre.com\/en\/page-d-exemple\/"},{"@type":"ListItem","position":3,"name":"Champagne J\u00e9r\u00f4me Lef\u00e8vre Rated X"}]},{"@type":"WebSite","@id":"https:\/\/www.maisonjeromelefevre.com\/en\/#website","url":"https:\/\/www.maisonjeromelefevre.com\/en\/","name":"Maison J\u00e9rome Lef\u00e8vre","description":"Uncorked pleasures for hedonist people","publisher":{"@id":"https:\/\/www.maisonjeromelefevre.com\/en\/#organization"},"potentialAction":[{"@type":"SearchAction","target":{"@type":"EntryPoint","urlTemplate":"https:\/\/www.maisonjeromelefevre.com\/en\/?s={search_term_string}"},"query-input":{"@type":"PropertyValueSpecification","valueRequired":true,"valueName":"search_term_string"}}],"inLanguage":"en-US"},{"@type":"Organization","@id":"https:\/\/www.maisonjeromelefevre.com\/en\/#organization","name":"Maison J\u00e9rome Lef\u00e8vre","url":"https:\/\/www.maisonjeromelefevre.com\/en\/","logo":{"@type":"ImageObject","inLanguage":"en-US","@id":"https:\/\/www.maisonjeromelefevre.com\/en\/#\/schema\/logo\/image\/","url":"https:\/\/i0.wp.com\/www.maisonjeromelefevre.com\/wp-content\/uploads\/2021\/03\/cropped-cropped-MJL_logotype.jpg?fit=512%2C325&ssl=1","contentUrl":"https:\/\/i0.wp.com\/www.maisonjeromelefevre.com\/wp-content\/uploads\/2021\/03\/cropped-cropped-MJL_logotype.jpg?fit=512%2C325&ssl=1","width":512,"height":325,"caption":"Maison J\u00e9rome Lef\u00e8vre"},"image":{"@id":"https:\/\/www.maisonjeromelefevre.com\/en\/#\/schema\/logo\/image\/"},"sameAs":["https:\/\/www.facebook.com\/jerome.lefevre.grind","https:\/\/www.instagram.com\/maisonjeromelefevre\/"]}]}},"_links":{"self":[{"href":"https:\/\/www.maisonjeromelefevre.com\/en\/wp-json\/wp\/v2\/product\/173","targetHints":{"allow":["GET"]}}],"collection":[{"href":"https:\/\/www.maisonjeromelefevre.com\/en\/wp-json\/wp\/v2\/product"}],"about":[{"href":"https:\/\/www.maisonjeromelefevre.com\/en\/wp-json\/wp\/v2\/types\/product"}],"wp:featuredmedia":[{"embeddable":true,"href":"https:\/\/www.maisonjeromelefevre.com\/en\/wp-json\/wp\/v2\/media\/132"}],"wp:attachment":[{"href":"https:\/\/www.maisonjeromelefevre.com\/en\/wp-json\/wp\/v2\/media?parent=173"}],"wp:term":[{"taxonomy":"product_cat","embeddable":true,"href":"https:\/\/www.maisonjeromelefevre.com\/en\/wp-json\/wp\/v2\/product_cat?post=173"},{"taxonomy":"product_tag","embeddable":true,"href":"https:\/\/www.maisonjeromelefevre.com\/en\/wp-json\/wp\/v2\/product_tag?post=173"}],"curies":[{"name":"wp","href":"https:\/\/api.w.org\/{rel}","templated":true}]}}