{"id":168,"date":"2022-04-25T10:24:14","date_gmt":"2022-04-25T08:24:14","guid":{"rendered":"http:\/\/www.maisonjeromelefevre.com\/product\/playing-with-fire\/"},"modified":"2025-10-24T16:23:19","modified_gmt":"2025-10-24T14:23:19","slug":"playing-with-fire","status":"publish","type":"product","link":"https:\/\/www.maisonjeromelefevre.com\/en\/product\/playing-with-fire\/","title":{"rendered":"Playing with Fire"},"content":{"rendered":"<p>Playing With Fire <a href=\"?add-to-cart=168\" data-quantity=\"1\" class=\"button product_type_simple add_to_cart_button ajax_add_to_cart\" data-product_id=\"168\" data-product_sku=\"\" aria-label=\"Add \u201cPlaying with Fire\u201d to your cart\" rel=\"nofollow\">Buy<\/a>\u00a0est un ros\u00e9 d\u2019assemblage \u00e9labor\u00e9 sur la base de meuniers et&nbsp;d\u2019un essai de rouge \u00e0&nbsp;base de pinots noirs. Vintage 2018.<\/p>\n<p>&nbsp;<\/p>\n<p class=\"infos\">Nos cuv\u00e9es sont toujours in\u00e9dites, biologiques et produites en quantit\u00e9 limit\u00e9e. <br \/>Elles t\u00e9moignent de la richesse du terroir champenois en m\u00eame temps qu\u2019elles affirment un&nbsp;style&nbsp;unique.<\/p>\n<hr \/>\n<p class=\"infos\">90&thinsp;% Meuniers, Mont de Bonneil <\/p>\n<p class=\"infos\">10&thinsp;% Pinots noirs, Mont de Bonneil et Saulchery<\/p>\n<p class=\"infos\">Z\u00c9RO DOSAGE<br \/>\nCERTIFI\u00c9 BIOLOGIQUE PAR ECOCERT<br \/>\nBouteilles num\u00e9rot\u00e9es<br \/>\n0,75 l<\/p>\n","protected":false},"excerpt":{"rendered":"<p>Playing With Fire \u00a0est un ros\u00e9 d\u2019assemblage \u00e9labor\u00e9 sur la base de meuniers et&nbsp;d\u2019un essai de rouge \u00e0&nbsp;base de pinots noirs. Vintage 2018. &nbsp; Nos cuv\u00e9es sont toujours in\u00e9dites, biologiques et produites en quantit\u00e9 limit\u00e9e. Elles t\u00e9moignent de la richesse du terroir champenois en m\u00eame temps qu\u2019elles affirment un&nbsp;style&nbsp;unique. 90&thinsp;% Meuniers, Mont de Bonneil 10&thinsp;% [&hellip;]<\/p>\n","protected":false},"featured_media":229,"template":"","meta":{"spay_email":""},"product_cat":[24],"product_tag":[],"class_list":["post-168","product","type-product","status-publish","has-post-thumbnail","hentry","product_cat-champagnes","product_shipping_class-bouteilles"],"yoast_head":"<!-- This site is optimized with the Yoast SEO plugin v26.2 - https:\/\/yoast.com\/wordpress\/plugins\/seo\/ -->\n<title>Playing with Fire &#8211; Maison J\u00e9rome Lef\u00e8vre<\/title>\n<meta name=\"robots\" content=\"index, follow, max-snippet:-1, max-image-preview:large, max-video-preview:-1\" \/>\n<link rel=\"canonical\" href=\"https:\/\/www.maisonjeromelefevre.com\/en\/product\/playing-with-fire\/\" \/>\n<meta property=\"og:locale\" content=\"en_US\" \/>\n<meta property=\"og:type\" content=\"article\" \/>\n<meta property=\"og:title\" content=\"Playing with Fire &#8211; Maison J\u00e9rome Lef\u00e8vre\" \/>\n<meta property=\"og:description\" content=\"Playing With Fire \u00a0est un ros\u00e9 d\u2019assemblage \u00e9labor\u00e9 sur la base de meuniers et&nbsp;d\u2019un essai de rouge \u00e0&nbsp;base de pinots noirs. Vintage 2018. &nbsp; Nos cuv\u00e9es sont toujours in\u00e9dites, biologiques et produites en quantit\u00e9 limit\u00e9e. Elles t\u00e9moignent de la richesse du terroir champenois en m\u00eame temps qu\u2019elles affirment un&nbsp;style&nbsp;unique. 90&thinsp;% Meuniers, Mont de Bonneil 10&thinsp;% [&hellip;]\" \/>\n<meta property=\"og:url\" content=\"https:\/\/www.maisonjeromelefevre.com\/en\/product\/playing-with-fire\/\" \/>\n<meta property=\"og:site_name\" content=\"Maison J\u00e9rome Lef\u00e8vre\" \/>\n<meta property=\"article:publisher\" content=\"https:\/\/www.facebook.com\/jerome.lefevre.grind\" \/>\n<meta property=\"article:modified_time\" content=\"2025-10-24T14:23:19+00:00\" \/>\n<meta property=\"og:image\" content=\"https:\/\/www.maisonjeromelefevre.com\/wp-content\/uploads\/2022\/04\/playing-with-fire.jpg\" \/>\n\t<meta property=\"og:image:width\" content=\"1600\" \/>\n\t<meta property=\"og:image:height\" content=\"2404\" \/>\n\t<meta property=\"og:image:type\" content=\"image\/jpeg\" \/>\n<meta name=\"twitter:card\" content=\"summary_large_image\" \/>\n<script type=\"application\/ld+json\" class=\"yoast-schema-graph\">{\"@context\":\"https:\/\/schema.org\",\"@graph\":[{\"@type\":\"WebPage\",\"@id\":\"https:\/\/www.maisonjeromelefevre.com\/en\/product\/playing-with-fire\/\",\"url\":\"https:\/\/www.maisonjeromelefevre.com\/en\/product\/playing-with-fire\/\",\"name\":\"Playing with Fire &#8211; Maison J\u00e9rome Lef\u00e8vre\",\"isPartOf\":{\"@id\":\"https:\/\/www.maisonjeromelefevre.com\/en\/#website\"},\"primaryImageOfPage\":{\"@id\":\"https:\/\/www.maisonjeromelefevre.com\/en\/product\/playing-with-fire\/#primaryimage\"},\"image\":{\"@id\":\"https:\/\/www.maisonjeromelefevre.com\/en\/product\/playing-with-fire\/#primaryimage\"},\"thumbnailUrl\":\"https:\/\/i0.wp.com\/www.maisonjeromelefevre.com\/wp-content\/uploads\/2022\/04\/playing-with-fire.jpg?fit=1600%2C2404&ssl=1\",\"datePublished\":\"2022-04-25T08:24:14+00:00\",\"dateModified\":\"2025-10-24T14:23:19+00:00\",\"breadcrumb\":{\"@id\":\"https:\/\/www.maisonjeromelefevre.com\/en\/product\/playing-with-fire\/#breadcrumb\"},\"inLanguage\":\"en-US\",\"potentialAction\":[{\"@type\":\"ReadAction\",\"target\":[\"https:\/\/www.maisonjeromelefevre.com\/en\/product\/playing-with-fire\/\"]}]},{\"@type\":\"ImageObject\",\"inLanguage\":\"en-US\",\"@id\":\"https:\/\/www.maisonjeromelefevre.com\/en\/product\/playing-with-fire\/#primaryimage\",\"url\":\"https:\/\/i0.wp.com\/www.maisonjeromelefevre.com\/wp-content\/uploads\/2022\/04\/playing-with-fire.jpg?fit=1600%2C2404&ssl=1\",\"contentUrl\":\"https:\/\/i0.wp.com\/www.maisonjeromelefevre.com\/wp-content\/uploads\/2022\/04\/playing-with-fire.jpg?fit=1600%2C2404&ssl=1\",\"width\":1600,\"height\":2404},{\"@type\":\"BreadcrumbList\",\"@id\":\"https:\/\/www.maisonjeromelefevre.com\/en\/product\/playing-with-fire\/#breadcrumb\",\"itemListElement\":[{\"@type\":\"ListItem\",\"position\":1,\"name\":\"Accueil\",\"item\":\"https:\/\/www.maisonjeromelefevre.com\/en\/page-d-exemple\/\"},{\"@type\":\"ListItem\",\"position\":2,\"name\":\"Maison J\u00e9r\u00f4me Lef\u00e8vre\",\"item\":\"https:\/\/www.maisonjeromelefevre.com\/en\/page-d-exemple\/\"},{\"@type\":\"ListItem\",\"position\":3,\"name\":\"Playing with Fire\"}]},{\"@type\":\"WebSite\",\"@id\":\"https:\/\/www.maisonjeromelefevre.com\/en\/#website\",\"url\":\"https:\/\/www.maisonjeromelefevre.com\/en\/\",\"name\":\"Maison J\u00e9rome Lef\u00e8vre\",\"description\":\"Uncorked pleasures for hedonist people\",\"publisher\":{\"@id\":\"https:\/\/www.maisonjeromelefevre.com\/en\/#organization\"},\"potentialAction\":[{\"@type\":\"SearchAction\",\"target\":{\"@type\":\"EntryPoint\",\"urlTemplate\":\"https:\/\/www.maisonjeromelefevre.com\/en\/?s={search_term_string}\"},\"query-input\":{\"@type\":\"PropertyValueSpecification\",\"valueRequired\":true,\"valueName\":\"search_term_string\"}}],\"inLanguage\":\"en-US\"},{\"@type\":\"Organization\",\"@id\":\"https:\/\/www.maisonjeromelefevre.com\/en\/#organization\",\"name\":\"Maison J\u00e9rome Lef\u00e8vre\",\"url\":\"https:\/\/www.maisonjeromelefevre.com\/en\/\",\"logo\":{\"@type\":\"ImageObject\",\"inLanguage\":\"en-US\",\"@id\":\"https:\/\/www.maisonjeromelefevre.com\/en\/#\/schema\/logo\/image\/\",\"url\":\"https:\/\/i0.wp.com\/www.maisonjeromelefevre.com\/wp-content\/uploads\/2021\/03\/cropped-cropped-MJL_logotype.jpg?fit=512%2C325&ssl=1\",\"contentUrl\":\"https:\/\/i0.wp.com\/www.maisonjeromelefevre.com\/wp-content\/uploads\/2021\/03\/cropped-cropped-MJL_logotype.jpg?fit=512%2C325&ssl=1\",\"width\":512,\"height\":325,\"caption\":\"Maison J\u00e9rome Lef\u00e8vre\"},\"image\":{\"@id\":\"https:\/\/www.maisonjeromelefevre.com\/en\/#\/schema\/logo\/image\/\"},\"sameAs\":[\"https:\/\/www.facebook.com\/jerome.lefevre.grind\",\"https:\/\/www.instagram.com\/maisonjeromelefevre\/\"]}]}<\/script>\n<!-- \/ Yoast SEO plugin. -->","yoast_head_json":{"title":"Playing with Fire &#8211; Maison J\u00e9rome Lef\u00e8vre","robots":{"index":"index","follow":"follow","max-snippet":"max-snippet:-1","max-image-preview":"max-image-preview:large","max-video-preview":"max-video-preview:-1"},"canonical":"https:\/\/www.maisonjeromelefevre.com\/en\/product\/playing-with-fire\/","og_locale":"en_US","og_type":"article","og_title":"Playing with Fire &#8211; Maison J\u00e9rome Lef\u00e8vre","og_description":"Playing With Fire \u00a0est un ros\u00e9 d\u2019assemblage \u00e9labor\u00e9 sur la base de meuniers et&nbsp;d\u2019un essai de rouge \u00e0&nbsp;base de pinots noirs. Vintage 2018. &nbsp; Nos cuv\u00e9es sont toujours in\u00e9dites, biologiques et produites en quantit\u00e9 limit\u00e9e. Elles t\u00e9moignent de la richesse du terroir champenois en m\u00eame temps qu\u2019elles affirment un&nbsp;style&nbsp;unique. 90&thinsp;% Meuniers, Mont de Bonneil 10&thinsp;% [&hellip;]","og_url":"https:\/\/www.maisonjeromelefevre.com\/en\/product\/playing-with-fire\/","og_site_name":"Maison J\u00e9rome Lef\u00e8vre","article_publisher":"https:\/\/www.facebook.com\/jerome.lefevre.grind","article_modified_time":"2025-10-24T14:23:19+00:00","og_image":[{"width":1600,"height":2404,"url":"https:\/\/www.maisonjeromelefevre.com\/wp-content\/uploads\/2022\/04\/playing-with-fire.jpg","type":"image\/jpeg"}],"twitter_card":"summary_large_image","schema":{"@context":"https:\/\/schema.org","@graph":[{"@type":"WebPage","@id":"https:\/\/www.maisonjeromelefevre.com\/en\/product\/playing-with-fire\/","url":"https:\/\/www.maisonjeromelefevre.com\/en\/product\/playing-with-fire\/","name":"Playing with Fire &#8211; Maison J\u00e9rome Lef\u00e8vre","isPartOf":{"@id":"https:\/\/www.maisonjeromelefevre.com\/en\/#website"},"primaryImageOfPage":{"@id":"https:\/\/www.maisonjeromelefevre.com\/en\/product\/playing-with-fire\/#primaryimage"},"image":{"@id":"https:\/\/www.maisonjeromelefevre.com\/en\/product\/playing-with-fire\/#primaryimage"},"thumbnailUrl":"https:\/\/i0.wp.com\/www.maisonjeromelefevre.com\/wp-content\/uploads\/2022\/04\/playing-with-fire.jpg?fit=1600%2C2404&ssl=1","datePublished":"2022-04-25T08:24:14+00:00","dateModified":"2025-10-24T14:23:19+00:00","breadcrumb":{"@id":"https:\/\/www.maisonjeromelefevre.com\/en\/product\/playing-with-fire\/#breadcrumb"},"inLanguage":"en-US","potentialAction":[{"@type":"ReadAction","target":["https:\/\/www.maisonjeromelefevre.com\/en\/product\/playing-with-fire\/"]}]},{"@type":"ImageObject","inLanguage":"en-US","@id":"https:\/\/www.maisonjeromelefevre.com\/en\/product\/playing-with-fire\/#primaryimage","url":"https:\/\/i0.wp.com\/www.maisonjeromelefevre.com\/wp-content\/uploads\/2022\/04\/playing-with-fire.jpg?fit=1600%2C2404&ssl=1","contentUrl":"https:\/\/i0.wp.com\/www.maisonjeromelefevre.com\/wp-content\/uploads\/2022\/04\/playing-with-fire.jpg?fit=1600%2C2404&ssl=1","width":1600,"height":2404},{"@type":"BreadcrumbList","@id":"https:\/\/www.maisonjeromelefevre.com\/en\/product\/playing-with-fire\/#breadcrumb","itemListElement":[{"@type":"ListItem","position":1,"name":"Accueil","item":"https:\/\/www.maisonjeromelefevre.com\/en\/page-d-exemple\/"},{"@type":"ListItem","position":2,"name":"Maison J\u00e9r\u00f4me Lef\u00e8vre","item":"https:\/\/www.maisonjeromelefevre.com\/en\/page-d-exemple\/"},{"@type":"ListItem","position":3,"name":"Playing with Fire"}]},{"@type":"WebSite","@id":"https:\/\/www.maisonjeromelefevre.com\/en\/#website","url":"https:\/\/www.maisonjeromelefevre.com\/en\/","name":"Maison J\u00e9rome Lef\u00e8vre","description":"Uncorked pleasures for hedonist people","publisher":{"@id":"https:\/\/www.maisonjeromelefevre.com\/en\/#organization"},"potentialAction":[{"@type":"SearchAction","target":{"@type":"EntryPoint","urlTemplate":"https:\/\/www.maisonjeromelefevre.com\/en\/?s={search_term_string}"},"query-input":{"@type":"PropertyValueSpecification","valueRequired":true,"valueName":"search_term_string"}}],"inLanguage":"en-US"},{"@type":"Organization","@id":"https:\/\/www.maisonjeromelefevre.com\/en\/#organization","name":"Maison J\u00e9rome Lef\u00e8vre","url":"https:\/\/www.maisonjeromelefevre.com\/en\/","logo":{"@type":"ImageObject","inLanguage":"en-US","@id":"https:\/\/www.maisonjeromelefevre.com\/en\/#\/schema\/logo\/image\/","url":"https:\/\/i0.wp.com\/www.maisonjeromelefevre.com\/wp-content\/uploads\/2021\/03\/cropped-cropped-MJL_logotype.jpg?fit=512%2C325&ssl=1","contentUrl":"https:\/\/i0.wp.com\/www.maisonjeromelefevre.com\/wp-content\/uploads\/2021\/03\/cropped-cropped-MJL_logotype.jpg?fit=512%2C325&ssl=1","width":512,"height":325,"caption":"Maison J\u00e9rome Lef\u00e8vre"},"image":{"@id":"https:\/\/www.maisonjeromelefevre.com\/en\/#\/schema\/logo\/image\/"},"sameAs":["https:\/\/www.facebook.com\/jerome.lefevre.grind","https:\/\/www.instagram.com\/maisonjeromelefevre\/"]}]}},"_links":{"self":[{"href":"https:\/\/www.maisonjeromelefevre.com\/en\/wp-json\/wp\/v2\/product\/168","targetHints":{"allow":["GET"]}}],"collection":[{"href":"https:\/\/www.maisonjeromelefevre.com\/en\/wp-json\/wp\/v2\/product"}],"about":[{"href":"https:\/\/www.maisonjeromelefevre.com\/en\/wp-json\/wp\/v2\/types\/product"}],"wp:featuredmedia":[{"embeddable":true,"href":"https:\/\/www.maisonjeromelefevre.com\/en\/wp-json\/wp\/v2\/media\/229"}],"wp:attachment":[{"href":"https:\/\/www.maisonjeromelefevre.com\/en\/wp-json\/wp\/v2\/media?parent=168"}],"wp:term":[{"taxonomy":"product_cat","embeddable":true,"href":"https:\/\/www.maisonjeromelefevre.com\/en\/wp-json\/wp\/v2\/product_cat?post=168"},{"taxonomy":"product_tag","embeddable":true,"href":"https:\/\/www.maisonjeromelefevre.com\/en\/wp-json\/wp\/v2\/product_tag?post=168"}],"curies":[{"name":"wp","href":"https:\/\/api.w.org\/{rel}","templated":true}]}}